{"id":335,"date":"2019-08-28T15:42:13","date_gmt":"2019-08-28T18:42:13","guid":{"rendered":"http:\/\/sitioarquitectura.com\/garantia\/"},"modified":"2019-11-06T16:18:35","modified_gmt":"2019-11-06T19:18:35","slug":"garantia","status":"publish","type":"page","link":"https:\/\/www.sitioarquitectura.com\/pt-br\/garantia\/","title":{"rendered":"Garantia"},"content":{"rendered":"<div class=\"wpb-content-wrapper\">[vc_row remove_bottom_col_margin=&#8221;true&#8221; el_id=&#8221;garantia&#8221;][vc_column]<style>.vcex-heading.vcex_69ed93bdb99e4{font-size:35px;font-family:Merriweather;text-transform:uppercase;}@media (max-width:959px){.vcex-heading.vcex_69ed93bdb99e4{font-size:25px;}}@media (max-width:479px){.vcex-heading.vcex_69ed93bdb99e4{font-size:20px;}}<\/style><h2 class=\"vcex-heading vcex-heading-plain vcex-module wpex-heading wpex-text-2xl wpex-text-center vcex_69ed93bdb99e4\"><span class=\"vcex-heading-inner wpex-inline-block\">Certificado de Garantia<\/span><\/h2>[vc_empty_space height=&#8221;30px&#8221;]<style>.vcex-heading.vcex_69ed93bdbbc05{font-size:24px;font-family:Merriweather;font-weight:400;text-transform:uppercase;}@media (max-width:959px){.vcex-heading.vcex_69ed93bdbbc05{font-size:18px;}}<\/style><h3 class=\"vcex-heading vcex-heading-plain vcex-module wpex-heading wpex-text-2xl wpex-text-center vcex_69ed93bdbbc05\"><span class=\"vcex-heading-inner wpex-inline-block\">Satisfa\u00e7\u00e3o Total do Cliente<\/span><\/h3>[vc_empty_space height=&#8221;10px&#8221;][vc_column_text text_align=&#8221;center&#8221;]Quando o prazo do projeto terminar, se o resultado n\u00e3o for satisfat\u00f3rio para o Cliente, trabalharemos sem nenhum custo at\u00e9 que ele esteja satisfeito.[\/vc_column_text][vc_empty_space height=&#8221;35px&#8221;]<div class=\"vcex-module vcex-divider vcex-divider-solid vcex-divider-center wpex-mx-auto wpex-max-w-100 wpex-block wpex-h-0 wpex-border-b wpex-border-solid wpex-border-main\" style=\"width:80%;border-bottom-width:1px;border-color:#cccccc;\"><\/div>[vc_empty_space height=&#8221;35px&#8221;]<style>.vcex-heading.vcex_69ed93bdbd63e{font-size:24px;font-family:Merriweather;font-weight:400;text-transform:uppercase;}@media (max-width:959px){.vcex-heading.vcex_69ed93bdbd63e{font-size:18px;}}<\/style><h3 class=\"vcex-heading vcex-heading-plain vcex-module wpex-heading wpex-text-2xl wpex-text-center vcex_69ed93bdbd63e\"><span class=\"vcex-heading-inner wpex-inline-block\">Compromisso com o Or\u00e7amento<\/span><\/h3>[vc_empty_space height=&#8221;10px&#8221;][vc_column_text text_align=&#8221;center&#8221;]Depois que os custos de constru\u00e7\u00e3o forem recebidos, se excederem os estimados durante o projeto, procuraremos alternativas sem custo para o Cliente, at\u00e9 que sejam ajustados ao or\u00e7amento aprovado.[\/vc_column_text][vc_empty_space height=&#8221;35px&#8221;]<div class=\"vcex-module vcex-divider vcex-divider-solid vcex-divider-center wpex-mx-auto wpex-max-w-100 wpex-block wpex-h-0 wpex-border-b wpex-border-solid wpex-border-main\" style=\"width:80%;border-bottom-width:1px;border-color:#cccccc;\"><\/div>[vc_empty_space height=&#8221;35px&#8221;]<style>.vcex-heading.vcex_69ed93bdbe9a2{font-size:24px;font-family:Merriweather;font-weight:400;text-transform:uppercase;}@media (max-width:959px){.vcex-heading.vcex_69ed93bdbe9a2{font-size:18px;}}<\/style><h3 class=\"vcex-heading vcex-heading-plain vcex-module wpex-heading wpex-text-2xl wpex-text-center vcex_69ed93bdbe9a2\"><span class=\"vcex-heading-inner wpex-inline-block\">Compromisso com a Qualidade<\/span><\/h3>[vc_empty_space height=&#8221;10px&#8221;][vc_column_text text_align=&#8221;center&#8221;]Em obras chave na m\u00e3o, garantimos todo o trabalho por um per\u00edodo de um ano, independentemente das garantias oferecidas pelos fabricantes e empresas envolvidas.[\/vc_column_text][vc_empty_space height=&#8221;45px&#8221;]<figure class=\"vcex-image vcex-module wpex-text-center\"><div class=\"vcex-image-inner wpex-relative wpex-inline-block\"><img width=\"152\" height=\"15\" src=\"https:\/\/www.sitioarquitectura.com\/wp-content\/uploads\/2019\/09\/separador-garantia.png\" class=\"vcex-image-img wpex-align-middle\" alt=\"\" loading=\"lazy\" decoding=\"async\" srcset=\"https:\/\/www.sitioarquitectura.com\/wp-content\/uploads\/2019\/09\/separador-garantia.png 152w, https:\/\/www.sitioarquitectura.com\/wp-content\/uploads\/2019\/09\/separador-garantia-150x15.png 150w\" sizes=\"auto, (max-width: 152px) 100vw, 152px\" \/><\/div><\/figure>[vc_empty_space height=&#8221;45px&#8221;]<figure class=\"vcex-image vcex-module wpex-text-center\"><div class=\"vcex-image-inner wpex-relative wpex-inline-block\"><img width=\"420\" height=\"119\" src=\"https:\/\/www.sitioarquitectura.com\/wp-content\/uploads\/2019\/09\/sello-garantia-sitio.png\" class=\"vcex-image-img wpex-align-middle\" alt=\"Certificado de garant\u00eda\" loading=\"lazy\" decoding=\"async\" srcset=\"https:\/\/www.sitioarquitectura.com\/wp-content\/uploads\/2019\/09\/sello-garantia-sitio.png 420w, https:\/\/www.sitioarquitectura.com\/wp-content\/uploads\/2019\/09\/sello-garantia-sitio-300x85.png 300w\" sizes=\"auto, (max-width: 420px) 100vw, 420px\" \/><\/div><\/figure>[\/vc_column][\/vc_row]\n<\/div>","protected":false},"excerpt":{"rendered":"<p>[vc_row remove_bottom_col_margin=&#8221;true&#8221; el_id=&#8221;garantia&#8221;][vc_column][vc_empty_space height=&#8221;30px&#8221;][vc_empty_space height=&#8221;10px&#8221;][vc_column_text text_align=&#8221;center&#8221;]Quando o prazo do projeto terminar, se o resultado n\u00e3o for satisfat\u00f3rio para o Cliente, trabalharemos sem nenhum custo at\u00e9 que ele esteja satisfeito.[\/vc_column_text][vc_empty_space height=&#8221;35px&#8221;][vc_empty_space height=&#8221;35px&#8221;][vc_empty_space height=&#8221;10px&#8221;][vc_column_text text_align=&#8221;center&#8221;]Depois que os custos de constru\u00e7\u00e3o forem recebidos, se excederem os estimados durante o projeto, procuraremos alternativas sem custo para o Cliente, at\u00e9&hellip;<\/p>\n","protected":false},"author":1,"featured_media":0,"parent":0,"menu_order":0,"comment_status":"closed","ping_status":"closed","template":"templates\/no-sidebar.php","meta":{"footnotes":""},"class_list":["post-335","page","type-page","status-publish","hentry","entry","no-media"],"yoast_head":"<!-- This site is optimized with the Yoast SEO plugin v27.4 - https:\/\/yoast.com\/product\/yoast-seo-wordpress\/ -->\n<title>Garantia - Sitio Arquitectura<\/title>\n<meta name=\"robots\" content=\"index, follow, max-snippet:-1, max-image-preview:large, max-video-preview:-1\" \/>\n<link rel=\"canonical\" href=\"https:\/\/www.sitioarquitectura.com\/pt-br\/garantia\/\" \/>\n<meta property=\"og:locale\" content=\"pt_BR\" \/>\n<meta property=\"og:type\" content=\"article\" \/>\n<meta property=\"og:title\" content=\"Garantia - Sitio Arquitectura\" \/>\n<meta property=\"og:description\" content=\"[vc_row remove_bottom_col_margin=&#8221;true&#8221; el_id=&#8221;garantia&#8221;][vc_column][vc_empty_space height=&#8221;30px&#8221;][vc_empty_space height=&#8221;10px&#8221;][vc_column_text text_align=&#8221;center&#8221;]Quando o prazo do projeto terminar, se o resultado n\u00e3o for satisfat\u00f3rio para o Cliente, trabalharemos sem nenhum custo at\u00e9 que ele esteja satisfeito.[\/vc_column_text][vc_empty_space height=&#8221;35px&#8221;][vc_empty_space height=&#8221;35px&#8221;][vc_empty_space height=&#8221;10px&#8221;][vc_column_text text_align=&#8221;center&#8221;]Depois que os custos de constru\u00e7\u00e3o forem recebidos, se excederem os estimados durante o projeto, procuraremos alternativas sem custo para o Cliente, at\u00e9&hellip;\" \/>\n<meta property=\"og:url\" content=\"https:\/\/www.sitioarquitectura.com\/pt-br\/garantia\/\" \/>\n<meta property=\"og:site_name\" content=\"Sitio Arquitectura\" \/>\n<meta property=\"article:publisher\" content=\"https:\/\/www.facebook.com\/SitioArquitectura\/\" \/>\n<meta property=\"article:modified_time\" content=\"2019-11-06T19:18:35+00:00\" \/>\n<meta name=\"twitter:card\" content=\"summary_large_image\" \/>\n<meta name=\"twitter:label1\" content=\"Est. tempo de leitura\" \/>\n\t<meta name=\"twitter:data1\" content=\"2 minutos\" \/>\n<script type=\"application\/ld+json\" class=\"yoast-schema-graph\">{\"@context\":\"https:\\\/\\\/schema.org\",\"@graph\":[{\"@type\":\"WebPage\",\"@id\":\"https:\\\/\\\/www.sitioarquitectura.com\\\/pt-br\\\/garantia\\\/\",\"url\":\"https:\\\/\\\/www.sitioarquitectura.com\\\/pt-br\\\/garantia\\\/\",\"name\":\"Garantia - Sitio Arquitectura\",\"isPartOf\":{\"@id\":\"https:\\\/\\\/www.sitioarquitectura.com\\\/pt-br\\\/#website\"},\"datePublished\":\"2019-08-28T18:42:13+00:00\",\"dateModified\":\"2019-11-06T19:18:35+00:00\",\"breadcrumb\":{\"@id\":\"https:\\\/\\\/www.sitioarquitectura.com\\\/pt-br\\\/garantia\\\/#breadcrumb\"},\"inLanguage\":\"pt-BR\",\"potentialAction\":[{\"@type\":\"ReadAction\",\"target\":[\"https:\\\/\\\/www.sitioarquitectura.com\\\/pt-br\\\/garantia\\\/\"]}]},{\"@type\":\"BreadcrumbList\",\"@id\":\"https:\\\/\\\/www.sitioarquitectura.com\\\/pt-br\\\/garantia\\\/#breadcrumb\",\"itemListElement\":[{\"@type\":\"ListItem\",\"position\":1,\"name\":\"Home\",\"item\":\"https:\\\/\\\/www.sitioarquitectura.com\\\/pt-br\\\/\"},{\"@type\":\"ListItem\",\"position\":2,\"name\":\"Garantia\"}]},{\"@type\":\"WebSite\",\"@id\":\"https:\\\/\\\/www.sitioarquitectura.com\\\/pt-br\\\/#website\",\"url\":\"https:\\\/\\\/www.sitioarquitectura.com\\\/pt-br\\\/\",\"name\":\"Sitio Arquitectura\",\"description\":\"Arquitectos en Montevideo, Uruguay\",\"publisher\":{\"@id\":\"https:\\\/\\\/www.sitioarquitectura.com\\\/pt-br\\\/#organization\"},\"potentialAction\":[{\"@type\":\"SearchAction\",\"target\":{\"@type\":\"EntryPoint\",\"urlTemplate\":\"https:\\\/\\\/www.sitioarquitectura.com\\\/pt-br\\\/?s={search_term_string}\"},\"query-input\":{\"@type\":\"PropertyValueSpecification\",\"valueRequired\":true,\"valueName\":\"search_term_string\"}}],\"inLanguage\":\"pt-BR\"},{\"@type\":\"Organization\",\"@id\":\"https:\\\/\\\/www.sitioarquitectura.com\\\/pt-br\\\/#organization\",\"name\":\"Sitio Arquitectura\",\"url\":\"https:\\\/\\\/www.sitioarquitectura.com\\\/pt-br\\\/\",\"logo\":{\"@type\":\"ImageObject\",\"inLanguage\":\"pt-BR\",\"@id\":\"https:\\\/\\\/www.sitioarquitectura.com\\\/pt-br\\\/#\\\/schema\\\/logo\\\/image\\\/\",\"url\":\"https:\\\/\\\/sitioarquitectura.com\\\/wp-content\\\/uploads\\\/2019\\\/08\\\/logo-sa.svg\",\"contentUrl\":\"https:\\\/\\\/sitioarquitectura.com\\\/wp-content\\\/uploads\\\/2019\\\/08\\\/logo-sa.svg\",\"width\":342,\"height\":342,\"caption\":\"Sitio Arquitectura\"},\"image\":{\"@id\":\"https:\\\/\\\/www.sitioarquitectura.com\\\/pt-br\\\/#\\\/schema\\\/logo\\\/image\\\/\"},\"sameAs\":[\"https:\\\/\\\/www.facebook.com\\\/SitioArquitectura\\\/\",\"https:\\\/\\\/www.instagram.com\\\/sitioarq\\\/\",\"https:\\\/\\\/uy.linkedin.com\\\/company\\\/sitio-arquitectura\\\/\",\"https:\\\/\\\/www.youtube.com\\\/channel\\\/UCqd4tkFIZBDV-7IH2waL73g\"]}]}<\/script>\n<!-- \/ Yoast SEO plugin. -->","yoast_head_json":{"title":"Garantia - Sitio Arquitectura","robots":{"index":"index","follow":"follow","max-snippet":"max-snippet:-1","max-image-preview":"max-image-preview:large","max-video-preview":"max-video-preview:-1"},"canonical":"https:\/\/www.sitioarquitectura.com\/pt-br\/garantia\/","og_locale":"pt_BR","og_type":"article","og_title":"Garantia - Sitio Arquitectura","og_description":"[vc_row remove_bottom_col_margin=&#8221;true&#8221; el_id=&#8221;garantia&#8221;][vc_column][vc_empty_space height=&#8221;30px&#8221;][vc_empty_space height=&#8221;10px&#8221;][vc_column_text text_align=&#8221;center&#8221;]Quando o prazo do projeto terminar, se o resultado n\u00e3o for satisfat\u00f3rio para o Cliente, trabalharemos sem nenhum custo at\u00e9 que ele esteja satisfeito.[\/vc_column_text][vc_empty_space height=&#8221;35px&#8221;][vc_empty_space height=&#8221;35px&#8221;][vc_empty_space height=&#8221;10px&#8221;][vc_column_text text_align=&#8221;center&#8221;]Depois que os custos de constru\u00e7\u00e3o forem recebidos, se excederem os estimados durante o projeto, procuraremos alternativas sem custo para o Cliente, at\u00e9&hellip;","og_url":"https:\/\/www.sitioarquitectura.com\/pt-br\/garantia\/","og_site_name":"Sitio Arquitectura","article_publisher":"https:\/\/www.facebook.com\/SitioArquitectura\/","article_modified_time":"2019-11-06T19:18:35+00:00","twitter_card":"summary_large_image","twitter_misc":{"Est. tempo de leitura":"2 minutos"},"schema":{"@context":"https:\/\/schema.org","@graph":[{"@type":"WebPage","@id":"https:\/\/www.sitioarquitectura.com\/pt-br\/garantia\/","url":"https:\/\/www.sitioarquitectura.com\/pt-br\/garantia\/","name":"Garantia - Sitio Arquitectura","isPartOf":{"@id":"https:\/\/www.sitioarquitectura.com\/pt-br\/#website"},"datePublished":"2019-08-28T18:42:13+00:00","dateModified":"2019-11-06T19:18:35+00:00","breadcrumb":{"@id":"https:\/\/www.sitioarquitectura.com\/pt-br\/garantia\/#breadcrumb"},"inLanguage":"pt-BR","potentialAction":[{"@type":"ReadAction","target":["https:\/\/www.sitioarquitectura.com\/pt-br\/garantia\/"]}]},{"@type":"BreadcrumbList","@id":"https:\/\/www.sitioarquitectura.com\/pt-br\/garantia\/#breadcrumb","itemListElement":[{"@type":"ListItem","position":1,"name":"Home","item":"https:\/\/www.sitioarquitectura.com\/pt-br\/"},{"@type":"ListItem","position":2,"name":"Garantia"}]},{"@type":"WebSite","@id":"https:\/\/www.sitioarquitectura.com\/pt-br\/#website","url":"https:\/\/www.sitioarquitectura.com\/pt-br\/","name":"Sitio Arquitectura","description":"Arquitectos en Montevideo, Uruguay","publisher":{"@id":"https:\/\/www.sitioarquitectura.com\/pt-br\/#organization"},"potentialAction":[{"@type":"SearchAction","target":{"@type":"EntryPoint","urlTemplate":"https:\/\/www.sitioarquitectura.com\/pt-br\/?s={search_term_string}"},"query-input":{"@type":"PropertyValueSpecification","valueRequired":true,"valueName":"search_term_string"}}],"inLanguage":"pt-BR"},{"@type":"Organization","@id":"https:\/\/www.sitioarquitectura.com\/pt-br\/#organization","name":"Sitio Arquitectura","url":"https:\/\/www.sitioarquitectura.com\/pt-br\/","logo":{"@type":"ImageObject","inLanguage":"pt-BR","@id":"https:\/\/www.sitioarquitectura.com\/pt-br\/#\/schema\/logo\/image\/","url":"https:\/\/sitioarquitectura.com\/wp-content\/uploads\/2019\/08\/logo-sa.svg","contentUrl":"https:\/\/sitioarquitectura.com\/wp-content\/uploads\/2019\/08\/logo-sa.svg","width":342,"height":342,"caption":"Sitio Arquitectura"},"image":{"@id":"https:\/\/www.sitioarquitectura.com\/pt-br\/#\/schema\/logo\/image\/"},"sameAs":["https:\/\/www.facebook.com\/SitioArquitectura\/","https:\/\/www.instagram.com\/sitioarq\/","https:\/\/uy.linkedin.com\/company\/sitio-arquitectura\/","https:\/\/www.youtube.com\/channel\/UCqd4tkFIZBDV-7IH2waL73g"]}]}},"_links":{"self":[{"href":"https:\/\/www.sitioarquitectura.com\/pt-br\/wp-json\/wp\/v2\/pages\/335","targetHints":{"allow":["GET"]}}],"collection":[{"href":"https:\/\/www.sitioarquitectura.com\/pt-br\/wp-json\/wp\/v2\/pages"}],"about":[{"href":"https:\/\/www.sitioarquitectura.com\/pt-br\/wp-json\/wp\/v2\/types\/page"}],"author":[{"embeddable":true,"href":"https:\/\/www.sitioarquitectura.com\/pt-br\/wp-json\/wp\/v2\/users\/1"}],"replies":[{"embeddable":true,"href":"https:\/\/www.sitioarquitectura.com\/pt-br\/wp-json\/wp\/v2\/comments?post=335"}],"version-history":[{"count":0,"href":"https:\/\/www.sitioarquitectura.com\/pt-br\/wp-json\/wp\/v2\/pages\/335\/revisions"}],"wp:attachment":[{"href":"https:\/\/www.sitioarquitectura.com\/pt-br\/wp-json\/wp\/v2\/media?parent=335"}],"curies":[{"name":"wp","href":"https:\/\/api.w.org\/{rel}","templated":true}]}}